{"id":1045,"date":"2018-09-03T22:51:39","date_gmt":"2018-09-03T19:51:39","guid":{"rendered":"https:\/\/blog.careliana.fi\/?page_id=1045"},"modified":"2020-06-01T12:04:21","modified_gmt":"2020-06-01T09:04:21","slug":"kuvagalleria","status":"publish","type":"page","link":"https:\/\/colose.fi\/blog\/kuvagalleria\/","title":{"rendered":"KUVAGALLERIA"},"content":{"rendered":"<p><!--[fusion_builder_container background_color=\"\" background_image=\"\" background_parallax=\"none\" enable_mobile=\"no\" parallax_speed=\"0.3\" background_repeat=\"no-repeat\" background_position=\"left top\" video_url=\"\" video_aspect_ratio=\"16:9\" video_webm=\"\" video_mp4=\"\" video_ogv=\"\" video_preview_image=\"\" overlay_color=\"\" video_mute=\"yes\" video_loop=\"yes\" fade=\"no\" border_size=\"0px\" border_color=\"\" border_style=\"solid\" padding_top=\"20px\" padding_bottom=\"2.5%\" padding_left=\"\" padding_right=\"\" hundred_percent=\"no\" equal_height_columns=\"no\" hide_on_mobile=\"no\" menu_anchor=\"\" class=\"\" id=\"\"][fusion_builder_row][fusion_builder_column type=\"1_1\" layout=\"1_1\" last=\"yes\" spacing=\"yes\" center_content=\"no\" hide_on_mobile=\"no\" background_color=\"\" background_image=\"\" background_repeat=\"no-repeat\" background_position=\"left top\" hover_type=\"none\" link=\"\" border_position=\"all\" border_size=\"0px\" border_color=\"\" border_style=\"solid\" padding_top=\"0%\" padding_right=\"15%\" padding_bottom=\"0%\" padding_left=\"15%\" margin_top=\"\" margin_bottom=\"\" animation_type=\"0\" animation_direction=\"down\" animation_speed=\"0.1\" animation_offset=\"\" class=\"\" id=\"\" min_height=\"\"][fusion_text columns=\"\" column_min_width=\"\" column_spacing=\"\" rule_style=\"default\" rule_size=\"\" rule_color=\"\" class=\"\" id=\"\"]\n\n\n\n\n\n\n\n\n<h3 style=\"text-align: center;\"><span style=\"color: #999999;\">VALOKUVIA MAAHANTUONTI CARELI\u00c1NAN TAPAHTUMISTA<\/span><\/h3>\n\n\n\n\n\n\n\n\n[\/fusion_text][fusion_text columns=\"\" column_min_width=\"\" column_spacing=\"\" rule_style=\"default\" rule_size=\"\" rule_color=\"\" class=\"\" id=\"\"]\n\n\n\n\n\n\n\n\n<p style=\"text-align: center;\">Careli\u00e1na Oy on sveitsil\u00e4isen Colos\u00e9 kosmetiikkasarjan maahantuoja Suomessa.Vankka ammattitaito ja kokemus alalta on kertynyt 35 vuoden aikana, jolloin olemme asiakkaitamme saaneet palvella.<\/p>\n\n\n\n\n\n\n\n\n[\/fusion_text][\/fusion_builder_column][\/fusion_builder_row][\/fusion_builder_container][fusion_builder_container hundred_percent=\"yes\" hundred_percent_height=\"no\" hundred_percent_height_scroll=\"no\" hundred_percent_height_center_content=\"yes\" equal_height_columns=\"no\" menu_anchor=\"\" hide_on_mobile=\"no\" class=\"\" id=\"\" background_color=\"#282a2d\" background_image=\"\" background_position=\"left top\" background_repeat=\"no-repeat\" fade=\"no\" background_parallax=\"none\" enable_mobile=\"no\" parallax_speed=\"0.3\" video_mp4=\"\" video_webm=\"\" video_ogv=\"\" video_url=\"\" video_aspect_ratio=\"16:9\" video_loop=\"yes\" video_mute=\"yes\" video_preview_image=\"\" border_size=\"0px\" border_color=\"\" border_style=\"solid\" margin_top=\"\" margin_bottom=\"\" padding_top=\"0px\" padding_right=\"4%\" padding_bottom=\"100px\" padding_left=\"4%\"][fusion_builder_row][fusion_builder_column type=\"1_1\" layout=\"1_1\" background_position=\"left top\" background_color=\"\" border_size=\"\" border_color=\"\" border_style=\"solid\" spacing=\"yes\" background_image=\"\" background_repeat=\"no-repeat\" padding_top=\"\" padding_right=\"\" padding_bottom=\"\" padding_left=\"\" margin_top=\"0px\" margin_bottom=\"0px\" class=\"\" id=\"\" animation_type=\"\" animation_speed=\"0.3\" animation_direction=\"left\" hide_on_mobile=\"no\" center_content=\"no\" min_height=\"none\" last=\"no\" hover_type=\"none\" link=\"\" border_position=\"all\"][fusion_portfolio layout=\"grid\" picture_size=\"auto\" text_layout=\"unboxed\" grid_box_color=\"#3b3f44\" grid_element_color=\"\" grid_separator_style_type=\"\" grid_separator_color=\"\" columns=\"4\" column_spacing=\"40\" portfolio_masonry_grid_ratio=\"\" portfolio_masonry_width_double=\"\" one_column_text_position=\"below\" equal_heights=\"no\" number_posts=\"8\" portfolio_title_display=\"title\" portfolio_text_alignment=\"center\" padding_top=\"\" padding_right=\"\" padding_bottom=\"\" padding_left=\"\" filters=\"no\" pull_by=\"category\" cat_slug=\"\" exclude_cats=\"\" tag_slug=\"\" exclude_tags=\"\" pagination_type=\"none\" hide_url_params=\"off\" offset=\"\" orderby=\"date\" order=\"DESC\" content_length=\"no_text\" excerpt_length=\"4\" strip_html=\"yes\" carousel_layout=\"title_on_rollover\" scroll_items=\"\" autoplay=\"no\" show_nav=\"yes\" mouse_scroll=\"no\" hide_on_mobile=\"small-visibility,medium-visibility,large-visibility\" class=\"\" id=\"\" animation_type=\"fade\" animation_direction=\"static\" animation_speed=\"0.1\" animation_offset=\"\" \/][\/fusion_builder_column][\/fusion_builder_row][\/fusion_builder_container]\n\n--><\/p>\n\n\n<h3 class=\"wp-block-heading\">VALOKUVIA MAAHANTUONTI CARELI\u00c1NAN TAPAHTUMISTA<\/h3>\n","protected":false},"excerpt":{"rendered":"<p>VALOKUVIA MAAHANTUONTI CARELI\u00c1NAN TAPAHTUMISTA<\/p>\n","protected":false},"author":4,"featured_media":0,"parent":0,"menu_order":0,"comment_status":"closed","ping_status":"closed","template":"","meta":{"footnotes":""},"class_list":["post-1045","page","type-page","status-publish","hentry"],"_links":{"self":[{"href":"https:\/\/colose.fi\/blog\/wp-json\/wp\/v2\/pages\/1045","targetHints":{"allow":["GET"]}}],"collection":[{"href":"https:\/\/colose.fi\/blog\/wp-json\/wp\/v2\/pages"}],"about":[{"href":"https:\/\/colose.fi\/blog\/wp-json\/wp\/v2\/types\/page"}],"author":[{"embeddable":true,"href":"https:\/\/colose.fi\/blog\/wp-json\/wp\/v2\/users\/4"}],"replies":[{"embeddable":true,"href":"https:\/\/colose.fi\/blog\/wp-json\/wp\/v2\/comments?post=1045"}],"version-history":[{"count":26,"href":"https:\/\/colose.fi\/blog\/wp-json\/wp\/v2\/pages\/1045\/revisions"}],"predecessor-version":[{"id":2007,"href":"https:\/\/colose.fi\/blog\/wp-json\/wp\/v2\/pages\/1045\/revisions\/2007"}],"wp:attachment":[{"href":"https:\/\/colose.fi\/blog\/wp-json\/wp\/v2\/media?parent=1045"}],"curies":[{"name":"wp","href":"https:\/\/api.w.org\/{rel}","templated":true}]}}